{"id":2851,"date":"2017-05-11T09:49:53","date_gmt":"2017-05-11T08:49:53","guid":{"rendered":"http:\/\/www.bering.es\/abogados\/?page_id=2851"},"modified":"2018-07-23T17:22:15","modified_gmt":"2018-07-23T16:22:15","slug":"civil","status":"publish","type":"page","link":"https:\/\/www.avocatirun.eu\/es\/civil\/","title":{"rendered":"CIVIL"},"content":{"rendered":"<p>El Derecho Civil es el sector m\u00e1s amplio del Derecho. Se divide en grandes subsectores como son: LOS CONTRATOS, EL DERECHO DE LAS OBLIGACIONES, EL DERECHO DE LAS PERSONAS, EL DERECHO DE SUCESI\u00d3N, EL DERECHO HIPOTECARIO, LOS DERECHOS DE PROPIEDAD Y DE DISFRUTE Y EL DERECHO DE FAMILIA. Por esto en nuestro gabinete atendemos de forma personalizada los derechos de nuestros clientes. Asesoramos con car\u00e1cter preventivo y defendemos sus intereses en procedimientos civiles, tanto verbales como ordinarios. Ofrecemos asistencia jur\u00eddica y representaci\u00f3n legal en todo aquello que tenga que ver con las relaciones jur\u00eddicas, ya sean personas f\u00edsicas o sociedades, o entre particulares en el \u00e1mbito personal o patrimonial. El gabinete dispone de varias oficinas que se ocupan del asesoramiento y la actuaci\u00f3n en procedimientos civiles, tanto contenciosos como no contenciosos.<\/p>\n<div>\n<h4>\u00c1mbito contencioso<\/h4>\n<\/div>\n<ul>\n<li>Procedimientos judiciales<\/li>\n<li>Transacciones<\/li>\n<li>Propiedad Horizontal<\/li>\n<\/ul>\n<div>\n<h4>\u00c1mbito no contencioso<\/h4>\n<\/div>\n<ul>\n<li>Contratos<\/li>\n<li>Jurisdicci\u00f3n voluntaria<\/li>\n<\/ul>\n","protected":false},"excerpt":{"rendered":"<p>El Derecho Civil es el sector m\u00e1s amplio del Derecho. Se divide en grandes subsectores como son: LOS CONTRATOS, EL DERECHO DE LAS OBLIGACIONES, EL DERECHO DE LAS PERSONAS, EL DERECHO DE SUCESI\u00d3N, EL DERECHO HIPOTECARIO, LOS DERECHOS DE PROPIEDAD Y DE DISFRUTE Y EL DERECHO DE FAMILIA. Por esto en nuestro gabinete atendemos de [&hellip;]<\/p>\n","protected":false},"author":3,"featured_media":0,"parent":0,"menu_order":0,"comment_status":"closed","ping_status":"closed","template":"","meta":{"footnotes":""},"class_list":["post-2851","page","type-page","status-publish","hentry"],"yoast_head":"<!-- This site is optimized with the Yoast SEO plugin v27.6 - https:\/\/yoast.com\/product\/yoast-seo-wordpress\/ -->\n<title>CIVIL<\/title>\n<meta name=\"robots\" content=\"index, follow, max-snippet:-1, max-image-preview:large, max-video-preview:-1\" \/>\n<link rel=\"canonical\" href=\"https:\/\/www.avocatirun.eu\/civil\/\" \/>\n<meta property=\"og:locale\" content=\"es_ES\" \/>\n<meta property=\"og:type\" content=\"article\" \/>\n<meta property=\"og:title\" content=\"CIVIL\" \/>\n<meta property=\"og:description\" content=\"El Derecho Civil es el sector m\u00e1s amplio del Derecho. Se divide en grandes subsectores como son: LOS CONTRATOS, EL DERECHO DE LAS OBLIGACIONES, EL DERECHO DE LAS PERSONAS, EL DERECHO DE SUCESI\u00d3N, EL DERECHO HIPOTECARIO, LOS DERECHOS DE PROPIEDAD Y DE DISFRUTE Y EL DERECHO DE FAMILIA. Por esto en nuestro gabinete atendemos de [&hellip;]\" \/>\n<meta property=\"og:url\" content=\"https:\/\/www.avocatirun.eu\/civil\/\" \/>\n<meta property=\"og:site_name\" content=\"Tibi Us, Abogados Ir\u00fan\" \/>\n<meta property=\"article:publisher\" content=\"https:\/\/www.facebook.com\/ficotec\/\" \/>\n<meta property=\"article:modified_time\" content=\"2018-07-23T16:22:15+00:00\" \/>\n<meta name=\"twitter:card\" content=\"summary_large_image\" \/>\n<meta name=\"twitter:label1\" content=\"Tiempo de lectura\" \/>\n\t<meta name=\"twitter:data1\" content=\"1 minuto\" \/>\n<script type=\"application\/ld+json\" class=\"yoast-schema-graph\">{\"@context\":\"https:\\\/\\\/schema.org\",\"@graph\":[{\"@type\":\"WebPage\",\"@id\":\"https:\\\/\\\/www.avocatirun.eu\\\/civil\\\/\",\"url\":\"https:\\\/\\\/www.avocatirun.eu\\\/civil\\\/\",\"name\":\"CIVIL\",\"isPartOf\":{\"@id\":\"https:\\\/\\\/www.avocatirun.eu\\\/#website\"},\"datePublished\":\"2017-05-11T08:49:53+00:00\",\"dateModified\":\"2018-07-23T16:22:15+00:00\",\"breadcrumb\":{\"@id\":\"https:\\\/\\\/www.avocatirun.eu\\\/civil\\\/#breadcrumb\"},\"inLanguage\":\"es\",\"potentialAction\":[{\"@type\":\"ReadAction\",\"target\":[\"https:\\\/\\\/www.avocatirun.eu\\\/civil\\\/\"]}]},{\"@type\":\"BreadcrumbList\",\"@id\":\"https:\\\/\\\/www.avocatirun.eu\\\/civil\\\/#breadcrumb\",\"itemListElement\":[{\"@type\":\"ListItem\",\"position\":1,\"name\":\"Home\",\"item\":\"https:\\\/\\\/www.avocatirun.eu\\\/\"},{\"@type\":\"ListItem\",\"position\":2,\"name\":\"CIVIL\"}]},{\"@type\":\"WebSite\",\"@id\":\"https:\\\/\\\/www.avocatirun.eu\\\/#website\",\"url\":\"https:\\\/\\\/www.avocatirun.eu\\\/\",\"name\":\"Tibi Us, Abogados Ir\u00fan\",\"description\":\"Tibi Us, Abogados Ir\u00fan\",\"potentialAction\":[{\"@type\":\"SearchAction\",\"target\":{\"@type\":\"EntryPoint\",\"urlTemplate\":\"https:\\\/\\\/www.avocatirun.eu\\\/?s={search_term_string}\"},\"query-input\":{\"@type\":\"PropertyValueSpecification\",\"valueRequired\":true,\"valueName\":\"search_term_string\"}}],\"inLanguage\":\"es\"}]}<\/script>\n<!-- \/ Yoast SEO plugin. -->","yoast_head_json":{"title":"CIVIL","robots":{"index":"index","follow":"follow","max-snippet":"max-snippet:-1","max-image-preview":"max-image-preview:large","max-video-preview":"max-video-preview:-1"},"canonical":"https:\/\/www.avocatirun.eu\/civil\/","og_locale":"es_ES","og_type":"article","og_title":"CIVIL","og_description":"El Derecho Civil es el sector m\u00e1s amplio del Derecho. Se divide en grandes subsectores como son: LOS CONTRATOS, EL DERECHO DE LAS OBLIGACIONES, EL DERECHO DE LAS PERSONAS, EL DERECHO DE SUCESI\u00d3N, EL DERECHO HIPOTECARIO, LOS DERECHOS DE PROPIEDAD Y DE DISFRUTE Y EL DERECHO DE FAMILIA. Por esto en nuestro gabinete atendemos de [&hellip;]","og_url":"https:\/\/www.avocatirun.eu\/civil\/","og_site_name":"Tibi Us, Abogados Ir\u00fan","article_publisher":"https:\/\/www.facebook.com\/ficotec\/","article_modified_time":"2018-07-23T16:22:15+00:00","twitter_card":"summary_large_image","twitter_misc":{"Tiempo de lectura":"1 minuto"},"schema":{"@context":"https:\/\/schema.org","@graph":[{"@type":"WebPage","@id":"https:\/\/www.avocatirun.eu\/civil\/","url":"https:\/\/www.avocatirun.eu\/civil\/","name":"CIVIL","isPartOf":{"@id":"https:\/\/www.avocatirun.eu\/#website"},"datePublished":"2017-05-11T08:49:53+00:00","dateModified":"2018-07-23T16:22:15+00:00","breadcrumb":{"@id":"https:\/\/www.avocatirun.eu\/civil\/#breadcrumb"},"inLanguage":"es","potentialAction":[{"@type":"ReadAction","target":["https:\/\/www.avocatirun.eu\/civil\/"]}]},{"@type":"BreadcrumbList","@id":"https:\/\/www.avocatirun.eu\/civil\/#breadcrumb","itemListElement":[{"@type":"ListItem","position":1,"name":"Home","item":"https:\/\/www.avocatirun.eu\/"},{"@type":"ListItem","position":2,"name":"CIVIL"}]},{"@type":"WebSite","@id":"https:\/\/www.avocatirun.eu\/#website","url":"https:\/\/www.avocatirun.eu\/","name":"Tibi Us, Abogados Ir\u00fan","description":"Tibi Us, Abogados Ir\u00fan","potentialAction":[{"@type":"SearchAction","target":{"@type":"EntryPoint","urlTemplate":"https:\/\/www.avocatirun.eu\/?s={search_term_string}"},"query-input":{"@type":"PropertyValueSpecification","valueRequired":true,"valueName":"search_term_string"}}],"inLanguage":"es"}]}},"_links":{"self":[{"href":"https:\/\/www.avocatirun.eu\/es\/wp-json\/wp\/v2\/pages\/2851","targetHints":{"allow":["GET"]}}],"collection":[{"href":"https:\/\/www.avocatirun.eu\/es\/wp-json\/wp\/v2\/pages"}],"about":[{"href":"https:\/\/www.avocatirun.eu\/es\/wp-json\/wp\/v2\/types\/page"}],"author":[{"embeddable":true,"href":"https:\/\/www.avocatirun.eu\/es\/wp-json\/wp\/v2\/users\/3"}],"replies":[{"embeddable":true,"href":"https:\/\/www.avocatirun.eu\/es\/wp-json\/wp\/v2\/comments?post=2851"}],"version-history":[{"count":0,"href":"https:\/\/www.avocatirun.eu\/es\/wp-json\/wp\/v2\/pages\/2851\/revisions"}],"wp:attachment":[{"href":"https:\/\/www.avocatirun.eu\/es\/wp-json\/wp\/v2\/media?parent=2851"}],"curies":[{"name":"wp","href":"https:\/\/api.w.org\/{rel}","templated":true}]}}