{"id":2849,"date":"2017-05-11T09:49:22","date_gmt":"2017-05-11T08:49:22","guid":{"rendered":"http:\/\/www.bering.es\/abogados\/?page_id=2849"},"modified":"2018-06-18T16:47:27","modified_gmt":"2018-06-18T15:47:27","slug":"sucesiones","status":"publish","type":"page","link":"https:\/\/www.avocatirun.eu\/es\/sucesiones\/","title":{"rendered":"SUCESIONES"},"content":{"rendered":"<p>Tanto si la herencia es de mutuo acuerdo como si es contenciosa, somos los mejores abogados que va a encontrar para resolver este tipo de conflictos de la forma m\u00e1s exitosa posible. Ofrecemos un servicio completo de asesoramiento para la redacci\u00f3n de un testamento de acuerdo a su voluntad y a la legalidad vigente. Tambi\u00e9n le asesoraremos y\/o defenderemos en los tr\u00e1mites de aceptaci\u00f3n de herencia y reparto de bienes tanto si se trata de un reparto amistoso como si lo es contencioso. \u00c9stos son nuestros campos de acci\u00f3n:<\/p>\n<ul>\n<li>Planificaci\u00f3n tributaria<\/li>\n<li>Testamentar\u00edas<\/li>\n<li>Aceptaci\u00f3n y repudiaci\u00f3n de herencias<\/li>\n<li>Sucesi\u00f3n intestada (declaraciones de herederos)<\/li>\n<li>Operaciones sucesorias varias\n<ul>\n<li>Particiones<\/li>\n<li>Legados<\/li>\n<li>Leg\u00edtimas<\/li>\n<li>Donaciones<\/li>\n<\/ul>\n<\/li>\n<\/ul>\n<p>&nbsp;<\/p>\n","protected":false},"excerpt":{"rendered":"<p>Tanto si la herencia es de mutuo acuerdo como si es contenciosa, somos los mejores abogados que va a encontrar para resolver este tipo de conflictos de la forma m\u00e1s exitosa posible. Ofrecemos un servicio completo de asesoramiento para la redacci\u00f3n de un testamento de acuerdo a su voluntad y a la legalidad vigente. Tambi\u00e9n [&hellip;]<\/p>\n","protected":false},"author":3,"featured_media":0,"parent":0,"menu_order":0,"comment_status":"closed","ping_status":"closed","template":"","meta":{"footnotes":""},"class_list":["post-2849","page","type-page","status-publish","hentry"],"yoast_head":"<!-- This site is optimized with the Yoast SEO plugin v27.6 - https:\/\/yoast.com\/product\/yoast-seo-wordpress\/ -->\n<title>SUCESIONES<\/title>\n<meta name=\"robots\" content=\"index, follow, max-snippet:-1, max-image-preview:large, max-video-preview:-1\" \/>\n<link rel=\"canonical\" href=\"https:\/\/www.avocatirun.eu\/sucesiones\/\" \/>\n<meta property=\"og:locale\" content=\"es_ES\" \/>\n<meta property=\"og:type\" content=\"article\" \/>\n<meta property=\"og:title\" content=\"SUCESIONES\" \/>\n<meta property=\"og:description\" content=\"Tanto si la herencia es de mutuo acuerdo como si es contenciosa, somos los mejores abogados que va a encontrar para resolver este tipo de conflictos de la forma m\u00e1s exitosa posible. Ofrecemos un servicio completo de asesoramiento para la redacci\u00f3n de un testamento de acuerdo a su voluntad y a la legalidad vigente. Tambi\u00e9n [&hellip;]\" \/>\n<meta property=\"og:url\" content=\"https:\/\/www.avocatirun.eu\/sucesiones\/\" \/>\n<meta property=\"og:site_name\" content=\"Tibi Us, Abogados Ir\u00fan\" \/>\n<meta property=\"article:publisher\" content=\"https:\/\/www.facebook.com\/ficotec\/\" \/>\n<meta property=\"article:modified_time\" content=\"2018-06-18T15:47:27+00:00\" \/>\n<meta name=\"twitter:card\" content=\"summary_large_image\" \/>\n<meta name=\"twitter:label1\" content=\"Tiempo de lectura\" \/>\n\t<meta name=\"twitter:data1\" content=\"1 minuto\" \/>\n<script type=\"application\/ld+json\" class=\"yoast-schema-graph\">{\"@context\":\"https:\\\/\\\/schema.org\",\"@graph\":[{\"@type\":\"WebPage\",\"@id\":\"https:\\\/\\\/www.avocatirun.eu\\\/sucesiones\\\/\",\"url\":\"https:\\\/\\\/www.avocatirun.eu\\\/sucesiones\\\/\",\"name\":\"SUCESIONES\",\"isPartOf\":{\"@id\":\"https:\\\/\\\/www.avocatirun.eu\\\/#website\"},\"datePublished\":\"2017-05-11T08:49:22+00:00\",\"dateModified\":\"2018-06-18T15:47:27+00:00\",\"breadcrumb\":{\"@id\":\"https:\\\/\\\/www.avocatirun.eu\\\/sucesiones\\\/#breadcrumb\"},\"inLanguage\":\"es\",\"potentialAction\":[{\"@type\":\"ReadAction\",\"target\":[\"https:\\\/\\\/www.avocatirun.eu\\\/sucesiones\\\/\"]}]},{\"@type\":\"BreadcrumbList\",\"@id\":\"https:\\\/\\\/www.avocatirun.eu\\\/sucesiones\\\/#breadcrumb\",\"itemListElement\":[{\"@type\":\"ListItem\",\"position\":1,\"name\":\"Home\",\"item\":\"https:\\\/\\\/www.avocatirun.eu\\\/\"},{\"@type\":\"ListItem\",\"position\":2,\"name\":\"SUCESIONES\"}]},{\"@type\":\"WebSite\",\"@id\":\"https:\\\/\\\/www.avocatirun.eu\\\/#website\",\"url\":\"https:\\\/\\\/www.avocatirun.eu\\\/\",\"name\":\"Tibi Us, Abogados Ir\u00fan\",\"description\":\"Tibi Us, Abogados Ir\u00fan\",\"potentialAction\":[{\"@type\":\"SearchAction\",\"target\":{\"@type\":\"EntryPoint\",\"urlTemplate\":\"https:\\\/\\\/www.avocatirun.eu\\\/?s={search_term_string}\"},\"query-input\":{\"@type\":\"PropertyValueSpecification\",\"valueRequired\":true,\"valueName\":\"search_term_string\"}}],\"inLanguage\":\"es\"}]}<\/script>\n<!-- \/ Yoast SEO plugin. -->","yoast_head_json":{"title":"SUCESIONES","robots":{"index":"index","follow":"follow","max-snippet":"max-snippet:-1","max-image-preview":"max-image-preview:large","max-video-preview":"max-video-preview:-1"},"canonical":"https:\/\/www.avocatirun.eu\/sucesiones\/","og_locale":"es_ES","og_type":"article","og_title":"SUCESIONES","og_description":"Tanto si la herencia es de mutuo acuerdo como si es contenciosa, somos los mejores abogados que va a encontrar para resolver este tipo de conflictos de la forma m\u00e1s exitosa posible. Ofrecemos un servicio completo de asesoramiento para la redacci\u00f3n de un testamento de acuerdo a su voluntad y a la legalidad vigente. Tambi\u00e9n [&hellip;]","og_url":"https:\/\/www.avocatirun.eu\/sucesiones\/","og_site_name":"Tibi Us, Abogados Ir\u00fan","article_publisher":"https:\/\/www.facebook.com\/ficotec\/","article_modified_time":"2018-06-18T15:47:27+00:00","twitter_card":"summary_large_image","twitter_misc":{"Tiempo de lectura":"1 minuto"},"schema":{"@context":"https:\/\/schema.org","@graph":[{"@type":"WebPage","@id":"https:\/\/www.avocatirun.eu\/sucesiones\/","url":"https:\/\/www.avocatirun.eu\/sucesiones\/","name":"SUCESIONES","isPartOf":{"@id":"https:\/\/www.avocatirun.eu\/#website"},"datePublished":"2017-05-11T08:49:22+00:00","dateModified":"2018-06-18T15:47:27+00:00","breadcrumb":{"@id":"https:\/\/www.avocatirun.eu\/sucesiones\/#breadcrumb"},"inLanguage":"es","potentialAction":[{"@type":"ReadAction","target":["https:\/\/www.avocatirun.eu\/sucesiones\/"]}]},{"@type":"BreadcrumbList","@id":"https:\/\/www.avocatirun.eu\/sucesiones\/#breadcrumb","itemListElement":[{"@type":"ListItem","position":1,"name":"Home","item":"https:\/\/www.avocatirun.eu\/"},{"@type":"ListItem","position":2,"name":"SUCESIONES"}]},{"@type":"WebSite","@id":"https:\/\/www.avocatirun.eu\/#website","url":"https:\/\/www.avocatirun.eu\/","name":"Tibi Us, Abogados Ir\u00fan","description":"Tibi Us, Abogados Ir\u00fan","potentialAction":[{"@type":"SearchAction","target":{"@type":"EntryPoint","urlTemplate":"https:\/\/www.avocatirun.eu\/?s={search_term_string}"},"query-input":{"@type":"PropertyValueSpecification","valueRequired":true,"valueName":"search_term_string"}}],"inLanguage":"es"}]}},"_links":{"self":[{"href":"https:\/\/www.avocatirun.eu\/es\/wp-json\/wp\/v2\/pages\/2849","targetHints":{"allow":["GET"]}}],"collection":[{"href":"https:\/\/www.avocatirun.eu\/es\/wp-json\/wp\/v2\/pages"}],"about":[{"href":"https:\/\/www.avocatirun.eu\/es\/wp-json\/wp\/v2\/types\/page"}],"author":[{"embeddable":true,"href":"https:\/\/www.avocatirun.eu\/es\/wp-json\/wp\/v2\/users\/3"}],"replies":[{"embeddable":true,"href":"https:\/\/www.avocatirun.eu\/es\/wp-json\/wp\/v2\/comments?post=2849"}],"version-history":[{"count":0,"href":"https:\/\/www.avocatirun.eu\/es\/wp-json\/wp\/v2\/pages\/2849\/revisions"}],"wp:attachment":[{"href":"https:\/\/www.avocatirun.eu\/es\/wp-json\/wp\/v2\/media?parent=2849"}],"curies":[{"name":"wp","href":"https:\/\/api.w.org\/{rel}","templated":true}]}}