{"id":2365,"date":"2016-12-15T11:32:33","date_gmt":"2016-12-15T10:32:33","guid":{"rendered":"http:\/\/www.ficotec.com\/?page_id=2365\/"},"modified":"2017-06-01T08:56:25","modified_gmt":"2017-06-01T07:56:25","slug":"herencias-y-sucesiones","status":"publish","type":"page","link":"https:\/\/www.avocatirun.eu\/es\/herencias-y-sucesiones\/","title":{"rendered":"HERENCIAS Y SUCESIONES"},"content":{"rendered":"<p><div class=\"fusion-fullwidth fullwidth-box fusion-builder-row-1 hundred-percent-fullwidth non-hundred-percent-height-scrolling\" style=\"--awb-border-radius-top-left:0px;--awb-border-radius-top-right:0px;--awb-border-radius-bottom-right:0px;--awb-border-radius-bottom-left:0px;--awb-margin-bottom:50px;--awb-flex-wrap:wrap;\" ><div class=\"fusion-builder-row fusion-row\"><div class=\"fusion-layout-column fusion_builder_column fusion-builder-column-0 fusion_builder_column_1_1 1_1 fusion-one-full fusion-column-first fusion-column-last\" style=\"--awb-bg-size:cover;--awb-margin-bottom:0px;\"><div class=\"fusion-column-wrapper fusion-flex-column-wrapper-legacy\"><div class=\"fusion-image-element fusion-image-align-center in-legacy-container\" style=\"text-align:center;--awb-caption-title-font-family:var(--h2_typography-font-family);--awb-caption-title-font-weight:var(--h2_typography-font-weight);--awb-caption-title-font-style:var(--h2_typography-font-style);--awb-caption-title-size:var(--h2_typography-font-size);--awb-caption-title-transform:var(--h2_typography-text-transform);--awb-caption-title-line-height:var(--h2_typography-line-height);--awb-caption-title-letter-spacing:var(--h2_typography-letter-spacing);\"><div class=\"imageframe-align-center\"><span class=\" fusion-imageframe imageframe-none imageframe-1 hover-type-none\"><img decoding=\"async\" src=\"http:\/\/www.avocatirun.eu\/wp-content\/uploads\/2016\/12\/herencias-y-sucesiones-ficotec.jpg\" alt class=\"img-responsive\"\/><\/span><\/div><\/div><div class=\"fusion-clearfix\"><\/div><\/div><\/div><\/div><\/div><div class=\"fusion-fullwidth fullwidth-box fusion-builder-row-2 nonhundred-percent-fullwidth non-hundred-percent-height-scrolling\" style=\"--awb-border-radius-top-left:0px;--awb-border-radius-top-right:0px;--awb-border-radius-bottom-right:0px;--awb-border-radius-bottom-left:0px;--awb-flex-wrap:wrap;\" ><div class=\"fusion-builder-row fusion-row\"><div class=\"fusion-layout-column fusion_builder_column fusion-builder-column-1 fusion_builder_column_1_1 1_1 fusion-one-full fusion-column-first fusion-column-last\" style=\"--awb-padding-bottom:20pxpx;--awb-bg-size:cover;--awb-margin-bottom:0px;\"><div class=\"fusion-column-wrapper fusion-flex-column-wrapper-legacy\"><div class=\"fusion-text fusion-text-1\"><p>Asesoramos y gestionamos legados, testamentos y herencias internacionales.\u00a0Disponemos de plena capacidad, con amplios contactos y conocimientos en la legislaci\u00f3n internacional. Nuestro valor es ofrecer servicios de asesoramiento jur\u00eddico pr\u00f3ximos y de confianza, y acompa\u00f1ar en todo el proceso para que la gesti\u00f3n se realice\u00a0con toda la seguridad y confianza.<\/p>\n<\/div><div class=\"fusion-clearfix\"><\/div><\/div><\/div><\/div><\/div><div class=\"fusion-fullwidth fullwidth-box fusion-builder-row-3 nonhundred-percent-fullwidth non-hundred-percent-height-scrolling\" style=\"--awb-border-radius-top-left:0px;--awb-border-radius-top-right:0px;--awb-border-radius-bottom-right:0px;--awb-border-radius-bottom-left:0px;--awb-flex-wrap:wrap;\" ><div class=\"fusion-builder-row fusion-row\"><div class=\"fusion-layout-column fusion_builder_column fusion-builder-column-2 fusion_builder_column_1_2 1_2 fusion-one-half fusion-column-first\" style=\"--awb-padding-top:30px;--awb-bg-size:cover;--awb-margin-bottom:0px;width:48%; margin-right: 4%;\"><div class=\"fusion-column-wrapper fusion-flex-column-wrapper-legacy\"><div class=\"fusion-text fusion-text-2\"><h2><strong>HERENCIAS<\/strong><\/h2>\n<p>Tr\u00e1mites y asesoramiento en referencia a \u00e1mbito de Herencias tanto a nivel nacional como internacional:<\/p>\n<ul>\n<li>Solicitud de certificado de defunci\u00f3n<\/li>\n<li>Solicitud de certificado de \u00faltimas voluntades<\/li>\n<li>Confecci\u00f3n de Impuesto de Sucesiones as\u00ed como su liquidaci\u00f3n<\/li>\n<li>Plusval\u00edas<\/li>\n<li>Resto de tr\u00e1mites relacionados con dicho \u00e1mbito<\/li>\n<\/ul>\n<\/div><div class=\"fusion-clearfix\"><\/div><\/div><\/div><div class=\"fusion-layout-column fusion_builder_column fusion-builder-column-3 fusion_builder_column_1_2 1_2 fusion-one-half fusion-column-last\" style=\"--awb-padding-top:30px;--awb-bg-size:cover;--awb-margin-bottom:0px;width:48%;\"><div class=\"fusion-column-wrapper fusion-flex-column-wrapper-legacy\"><div class=\"fusion-text fusion-text-3\"><h2><strong>SUCESIONES<\/strong><\/h2>\n<p>Tr\u00e1mites y asesoramiento en referencia a \u00e1mbito de Sucesiones tanto a nivel nacional como internacional:<\/p>\n<ul>\n<li>Estrategia fiscal de Sucesi\u00f3n de Patrimonio familiar o Societario, tanto inter vivos y mortis causa, en relaci\u00f3n a Impuesto sobre Sucesiones<\/li>\n<li>Confecci\u00f3n de Renta<\/li>\n<li>Confecci\u00f3n de Impuesto de Sucesiones as\u00ed como su liquidaci\u00f3n<\/li>\n<\/ul>\n<\/div><div class=\"fusion-clearfix\"><\/div><\/div><\/div><div class=\"fusion-layout-column fusion_builder_column fusion-builder-column-4 fusion_builder_column_1_1 1_1 fusion-one-full fusion-column-first fusion-column-last\" style=\"--awb-padding-top:50px;--awb-bg-size:cover;\"><div class=\"fusion-column-wrapper fusion-flex-column-wrapper-legacy\"><div class=\"fusion-text fusion-text-4\"><div class=\"row clearfix\">\n<article id=\"content-box-260727-37806\" class=\"featured fadeInDown animated\" data-rt-animate=\"animate\" data-rt-animation-type=\"fadeInDown\" data-rt-animation-group=\"single\">\n<h3>Especialidad extranjeros con bienes en Espa\u00f1a<\/h3>\n<\/article>\n<\/div>\n<div class=\"row clearfix\">\n<section id=\"text-box-260727-127488\" class=\"text_box fadeIn animated\" data-rt-animate=\"animate\" data-rt-animation-type=\"fadeIn\" data-rt-animation-group=\"single\">La sociedad actual se caracteriza por ser global, donde conviven en un mismo territorio personas procedentes de distintas nacionalidades. Esta situaci\u00f3n\u00a0nos ha permitido especializarnos en la gesti\u00f3n y tramitaci\u00f3n de <strong>herencias internacionales<\/strong>.\u00a0Debido a la complejidad legal que conlleva el asesoramiento, gesti\u00f3n y tramitaci\u00f3n de herencias con componente internacional, se hace preciso contar con el asesoramiento y asistencia de un equipo de expertos profesionales s\u00f3lidamente formados en la materia.La escasa normativa internacional sobre d\u00f3nde, cu\u00e1ndo y sobre todo a qui\u00e9n corresponde la liquidaci\u00f3n y adjudicaci\u00f3n de una <strong>herencia<\/strong>\u00a0<strong>internacional<\/strong>, es sin duda uno de los escenarios m\u00e1s complejos para los <strong>herederos<\/strong>.\u00a0Casi todos los pa\u00edses contemplan en sus leyes, que son competentes en caso de que fuese nacional o residente, lo cual nos lleva a una muy complicada situaci\u00f3n de duplicidad de competencia.<\/section>\n<\/div>\n<p><strong>Planificaci\u00f3n de la herencia<\/strong><\/p>\n<ul>\n<li>Recopilaci\u00f3n de la normativa vinculante al caso en particular de los diferentes pa\u00edses afectados<\/li>\n<li>Asesoramiento fiscal en gesti\u00f3n de patrimonios<\/li>\n<li>Estudio de donaciones &#8220;inter vivos&#8221;<\/li>\n<li>Estudio y preparaci\u00f3n de testamentos<\/li>\n<li>Dict\u00e1menes de orientaci\u00f3n<\/li>\n<li>Designaci\u00f3n de albaceas y tutores<\/li>\n<\/ul>\n<p>&nbsp;<\/p>\n<\/div><div class=\"fusion-clearfix\"><\/div><\/div><\/div><\/div><\/div><div class=\"fusion-fullwidth fullwidth-box fusion-builder-row-4 nonhundred-percent-fullwidth non-hundred-percent-height-scrolling\" style=\"--awb-border-radius-top-left:0px;--awb-border-radius-top-right:0px;--awb-border-radius-bottom-right:0px;--awb-border-radius-bottom-left:0px;--awb-padding-top:20px;--awb-padding-bottom:20px;--awb-flex-wrap:wrap;\" ><div class=\"fusion-builder-row fusion-row\"><\/div><\/div><\/p>\n","protected":false},"excerpt":{"rendered":"","protected":false},"author":3,"featured_media":0,"parent":0,"menu_order":0,"comment_status":"closed","ping_status":"closed","template":"","meta":{"footnotes":""},"class_list":["post-2365","page","type-page","status-publish","hentry"],"yoast_head":"<!-- This site is optimized with the Yoast SEO plugin v27.6 - https:\/\/yoast.com\/product\/yoast-seo-wordpress\/ -->\n<title>HERENCIAS Y SUCESIONES<\/title>\n<meta name=\"robots\" content=\"index, follow, max-snippet:-1, max-image-preview:large, max-video-preview:-1\" \/>\n<link rel=\"canonical\" href=\"https:\/\/www.avocatirun.eu\/herencias-y-sucesiones\/\" \/>\n<meta property=\"og:locale\" content=\"es_ES\" \/>\n<meta property=\"og:type\" content=\"article\" \/>\n<meta property=\"og:title\" content=\"HERENCIAS Y SUCESIONES\" \/>\n<meta property=\"og:url\" content=\"https:\/\/www.avocatirun.eu\/herencias-y-sucesiones\/\" \/>\n<meta property=\"og:site_name\" content=\"Tibi Us, Abogados Ir\u00fan\" \/>\n<meta property=\"article:publisher\" content=\"https:\/\/www.facebook.com\/ficotec\/\" \/>\n<meta property=\"article:modified_time\" content=\"2017-06-01T07:56:25+00:00\" \/>\n<meta name=\"twitter:card\" content=\"summary_large_image\" \/>\n<meta name=\"twitter:label1\" content=\"Tiempo de lectura\" \/>\n\t<meta name=\"twitter:data1\" content=\"5 minutos\" \/>\n<script type=\"application\/ld+json\" class=\"yoast-schema-graph\">{\"@context\":\"https:\\\/\\\/schema.org\",\"@graph\":[{\"@type\":\"WebPage\",\"@id\":\"https:\\\/\\\/www.avocatirun.eu\\\/herencias-y-sucesiones\\\/\",\"url\":\"https:\\\/\\\/www.avocatirun.eu\\\/herencias-y-sucesiones\\\/\",\"name\":\"HERENCIAS Y SUCESIONES\",\"isPartOf\":{\"@id\":\"https:\\\/\\\/www.avocatirun.eu\\\/#website\"},\"datePublished\":\"2016-12-15T10:32:33+00:00\",\"dateModified\":\"2017-06-01T07:56:25+00:00\",\"breadcrumb\":{\"@id\":\"https:\\\/\\\/www.avocatirun.eu\\\/herencias-y-sucesiones\\\/#breadcrumb\"},\"inLanguage\":\"es\",\"potentialAction\":[{\"@type\":\"ReadAction\",\"target\":[\"https:\\\/\\\/www.avocatirun.eu\\\/herencias-y-sucesiones\\\/\"]}]},{\"@type\":\"BreadcrumbList\",\"@id\":\"https:\\\/\\\/www.avocatirun.eu\\\/herencias-y-sucesiones\\\/#breadcrumb\",\"itemListElement\":[{\"@type\":\"ListItem\",\"position\":1,\"name\":\"Home\",\"item\":\"https:\\\/\\\/www.avocatirun.eu\\\/\"},{\"@type\":\"ListItem\",\"position\":2,\"name\":\"HERENCIAS Y SUCESIONES\"}]},{\"@type\":\"WebSite\",\"@id\":\"https:\\\/\\\/www.avocatirun.eu\\\/#website\",\"url\":\"https:\\\/\\\/www.avocatirun.eu\\\/\",\"name\":\"Tibi Us, Abogados Ir\u00fan\",\"description\":\"Tibi Us, Abogados Ir\u00fan\",\"potentialAction\":[{\"@type\":\"SearchAction\",\"target\":{\"@type\":\"EntryPoint\",\"urlTemplate\":\"https:\\\/\\\/www.avocatirun.eu\\\/?s={search_term_string}\"},\"query-input\":{\"@type\":\"PropertyValueSpecification\",\"valueRequired\":true,\"valueName\":\"search_term_string\"}}],\"inLanguage\":\"es\"}]}<\/script>\n<!-- \/ Yoast SEO plugin. -->","yoast_head_json":{"title":"HERENCIAS Y SUCESIONES","robots":{"index":"index","follow":"follow","max-snippet":"max-snippet:-1","max-image-preview":"max-image-preview:large","max-video-preview":"max-video-preview:-1"},"canonical":"https:\/\/www.avocatirun.eu\/herencias-y-sucesiones\/","og_locale":"es_ES","og_type":"article","og_title":"HERENCIAS Y SUCESIONES","og_url":"https:\/\/www.avocatirun.eu\/herencias-y-sucesiones\/","og_site_name":"Tibi Us, Abogados Ir\u00fan","article_publisher":"https:\/\/www.facebook.com\/ficotec\/","article_modified_time":"2017-06-01T07:56:25+00:00","twitter_card":"summary_large_image","twitter_misc":{"Tiempo de lectura":"5 minutos"},"schema":{"@context":"https:\/\/schema.org","@graph":[{"@type":"WebPage","@id":"https:\/\/www.avocatirun.eu\/herencias-y-sucesiones\/","url":"https:\/\/www.avocatirun.eu\/herencias-y-sucesiones\/","name":"HERENCIAS Y SUCESIONES","isPartOf":{"@id":"https:\/\/www.avocatirun.eu\/#website"},"datePublished":"2016-12-15T10:32:33+00:00","dateModified":"2017-06-01T07:56:25+00:00","breadcrumb":{"@id":"https:\/\/www.avocatirun.eu\/herencias-y-sucesiones\/#breadcrumb"},"inLanguage":"es","potentialAction":[{"@type":"ReadAction","target":["https:\/\/www.avocatirun.eu\/herencias-y-sucesiones\/"]}]},{"@type":"BreadcrumbList","@id":"https:\/\/www.avocatirun.eu\/herencias-y-sucesiones\/#breadcrumb","itemListElement":[{"@type":"ListItem","position":1,"name":"Home","item":"https:\/\/www.avocatirun.eu\/"},{"@type":"ListItem","position":2,"name":"HERENCIAS Y SUCESIONES"}]},{"@type":"WebSite","@id":"https:\/\/www.avocatirun.eu\/#website","url":"https:\/\/www.avocatirun.eu\/","name":"Tibi Us, Abogados Ir\u00fan","description":"Tibi Us, Abogados Ir\u00fan","potentialAction":[{"@type":"SearchAction","target":{"@type":"EntryPoint","urlTemplate":"https:\/\/www.avocatirun.eu\/?s={search_term_string}"},"query-input":{"@type":"PropertyValueSpecification","valueRequired":true,"valueName":"search_term_string"}}],"inLanguage":"es"}]}},"_links":{"self":[{"href":"https:\/\/www.avocatirun.eu\/es\/wp-json\/wp\/v2\/pages\/2365","targetHints":{"allow":["GET"]}}],"collection":[{"href":"https:\/\/www.avocatirun.eu\/es\/wp-json\/wp\/v2\/pages"}],"about":[{"href":"https:\/\/www.avocatirun.eu\/es\/wp-json\/wp\/v2\/types\/page"}],"author":[{"embeddable":true,"href":"https:\/\/www.avocatirun.eu\/es\/wp-json\/wp\/v2\/users\/3"}],"replies":[{"embeddable":true,"href":"https:\/\/www.avocatirun.eu\/es\/wp-json\/wp\/v2\/comments?post=2365"}],"version-history":[{"count":0,"href":"https:\/\/www.avocatirun.eu\/es\/wp-json\/wp\/v2\/pages\/2365\/revisions"}],"wp:attachment":[{"href":"https:\/\/www.avocatirun.eu\/es\/wp-json\/wp\/v2\/media?parent=2365"}],"curies":[{"name":"wp","href":"https:\/\/api.w.org\/{rel}","templated":true}]}}