{"id":1966,"date":"2016-09-05T12:11:11","date_gmt":"2016-09-05T11:11:11","guid":{"rendered":"http:\/\/www.ficotec.com\/?page_id=1966"},"modified":"2020-06-05T07:25:12","modified_gmt":"2020-06-05T05:25:12","slug":"home","status":"publish","type":"page","link":"https:\/\/www.avocatirun.eu\/es\/","title":{"rendered":"Home"},"content":{"rendered":"<p><div class=\"fusion-fullwidth fullwidth-box fusion-builder-row-1 hundred-percent-fullwidth non-hundred-percent-height-scrolling\" style=\"--awb-border-radius-top-left:0px;--awb-border-radius-top-right:0px;--awb-border-radius-bottom-right:0px;--awb-border-radius-bottom-left:0px;--awb-padding-top:0px;--awb-padding-right:0px;--awb-padding-bottom:0px;--awb-padding-left:0px;--awb-flex-wrap:wrap;\" ><div class=\"fusion-builder-row fusion-row\"><div class=\"fusion-layout-column fusion_builder_column fusion-builder-column-0 fusion_builder_column_1_1 1_1 fusion-one-full fusion-column-first fusion-column-last fusion-column-no-min-height\" style=\"--awb-padding-right:20px;--awb-padding-left:20px;--awb-bg-size:cover;--awb-margin-bottom:0px;\"><div class=\"fusion-column-wrapper fusion-flex-column-wrapper-legacy\">\n<div class=\"fusion-slider-revolution rev_slider_wrapper\">\t\t\t<!-- START Home REVOLUTION SLIDER 6.6.20 --><p class=\"rs-p-wp-fix\"><\/p>\n\t\t\t<rs-module-wrap id=\"rev_slider_1_1_wrapper\" data-source=\"gallery\" style=\"visibility:hidden;background:transparent;padding:0;margin:0px auto;margin-top:0;margin-bottom:0;\">\n\t\t\t\t<rs-module id=\"rev_slider_1_1\" style=\"\" data-version=\"6.6.20\">\n\t\t\t\t\t<rs-slides style=\"overflow: hidden; position: absolute;\">\n\t\t\t\t\t\t<rs-slide style=\"position: absolute;\" data-key=\"rs-2\" data-title=\"Slide\" data-anim=\"ms:600;r:0;\" data-in=\"o:0;\" data-out=\"a:false;\">\n\t\t\t\t\t\t\t<img decoding=\"async\" src=\"\/\/www.avocatirun.eu\/wp-content\/plugins\/revslider\/public\/assets\/assets\/dummy.png\" alt=\"\" title=\"Home\" class=\"rev-slidebg tp-rs-img rs-lazyload\" data-lazyload=\"\/\/www.avocatirun.eu\/wp-content\/uploads\/2020\/03\/abogado-irun-san-sebasti-n-guipuzcoa-spain_t20_mxLnJ3.jpg\" data-panzoom=\"d:10000;e:back.in;ss:100;se:110;oe:0\/100;\" data-no-retina>\n<!--\n\t\t\t\t\t\t\t--><rs-layer\n\t\t\t\t\t\t\t\tid=\"slider-1-slide-2-layer-1\" \n\t\t\t\t\t\t\t\tclass=\"avada-blanco\"\n\t\t\t\t\t\t\t\tdata-type=\"text\"\n\t\t\t\t\t\t\t\tdata-color=\"rgba(255,255,255,1)\"\n\t\t\t\t\t\t\t\tdata-rsp_ch=\"on\"\n\t\t\t\t\t\t\t\tdata-xy=\"x:40px;y:374px;\"\n\t\t\t\t\t\t\t\tdata-text=\"s:42;l:44;fw:700;\"\n\t\t\t\t\t\t\t\tdata-padding=\"t:1;r:10;l:10;\"\n\t\t\t\t\t\t\t\tdata-frame_0=\"tp:600;\"\n\t\t\t\t\t\t\t\tdata-frame_1=\"tp:600;e:power2.inOut;st:500;sR:500;\"\n\t\t\t\t\t\t\t\tdata-frame_999=\"o:0;tp:600;e:nothing;st:w;sR:8200;\"\n\t\t\t\t\t\t\t\tstyle=\"z-index:5;background-color:rgba(0,0,0,0.60);font-family:'PTSansRegular', 'Arial', 'Helvetica', 'sans-serif';\"\n\t\t\t\t\t\t\t>AVOCAT GUIPUZCOA \n\t\t\t\t\t\t\t<\/rs-layer><!--\n\n\t\t\t\t\t\t\t--><rs-layer\n\t\t\t\t\t\t\t\tid=\"slider-1-slide-2-layer-2\" \n\t\t\t\t\t\t\t\tdata-type=\"text\"\n\t\t\t\t\t\t\t\tdata-color=\"rgba(255,255,255,1)\"\n\t\t\t\t\t\t\t\tdata-rsp_ch=\"on\"\n\t\t\t\t\t\t\t\tdata-xy=\"x:51px;y:434px;\"\n\t\t\t\t\t\t\t\tdata-text=\"l:22;\"\n\t\t\t\t\t\t\t\tdata-frame_0=\"tp:600;\"\n\t\t\t\t\t\t\t\tdata-frame_1=\"tp:600;e:power2.inOut;st:500;sR:500;\"\n\t\t\t\t\t\t\t\tdata-frame_999=\"o:0;tp:600;e:nothing;st:w;sR:8200;\"\n\t\t\t\t\t\t\t\tstyle=\"z-index:6;background-color:rgba(94,94,94,0.80);font-family:'Roboto';\"\n\t\t\t\t\t\t\t>Demandez-nous conseil \n\t\t\t\t\t\t\t<\/rs-layer><!--\n-->\t\t\t\t\t\t<\/rs-slide>\n\t\t\t\t\t\t<rs-slide style=\"position: absolute;\" data-key=\"rs-3\" data-title=\"Slide\" data-anim=\"adpr:false;\">\n\t\t\t\t\t\t\t<img decoding=\"async\" src=\"\/\/www.avocatirun.eu\/wp-content\/plugins\/revslider\/public\/assets\/assets\/dummy.png\" alt=\"\" title=\"Home\" class=\"rev-slidebg tp-rs-img rs-lazyload\" data-lazyload=\"\/\/www.avocatirun.eu\/wp-content\/uploads\/2020\/03\/abogado-irun-_t20_g8E6XY.jpg\" data-panzoom=\"d:10000;ss:120;se:100;\" data-no-retina>\n<!--\n\t\t\t\t\t\t\t--><rs-layer\n\t\t\t\t\t\t\t\tid=\"slider-1-slide-3-layer-1\" \n\t\t\t\t\t\t\t\tclass=\"avada-blanco\"\n\t\t\t\t\t\t\t\tdata-type=\"text\"\n\t\t\t\t\t\t\t\tdata-color=\"rgba(255,255,255,1)\"\n\t\t\t\t\t\t\t\tdata-rsp_ch=\"on\"\n\t\t\t\t\t\t\t\tdata-xy=\"x:824px;y:510px;\"\n\t\t\t\t\t\t\t\tdata-text=\"s:20;l:34;fw:700;\"\n\t\t\t\t\t\t\t\tdata-padding=\"t:1;r:10;l:10;\"\n\t\t\t\t\t\t\t\tdata-frame_0=\"tp:600;\"\n\t\t\t\t\t\t\t\tdata-frame_1=\"tp:600;st:0;\"\n\t\t\t\t\t\t\t\tdata-frame_999=\"o:0;tp:600;st:w;sR:8700;\"\n\t\t\t\t\t\t\t\tstyle=\"z-index:5;background-color:rgba(0,0,0,0.60);font-family:'PTSansRegular', 'Arial', 'Helvetica', 'sans-serif';\"\n\t\t\t\t\t\t\t>Encuentra en nosotros la ayuda que necesitas \n\t\t\t\t\t\t\t<\/rs-layer><!--\n\n\t\t\t\t\t\t\t--><rs-layer\n\t\t\t\t\t\t\t\tid=\"slider-1-slide-3-layer-2\" \n\t\t\t\t\t\t\t\tclass=\"largepinkbg\"\n\t\t\t\t\t\t\t\tdata-type=\"text\"\n\t\t\t\t\t\t\t\tdata-color=\"rgba(255,255,255,1)\"\n\t\t\t\t\t\t\t\tdata-rsp_ch=\"on\"\n\t\t\t\t\t\t\t\tdata-xy=\"x:c;xo:418px;y:385px;\"\n\t\t\t\t\t\t\t\tdata-text=\"s:30;l:70;fw:300;\"\n\t\t\t\t\t\t\t\tdata-padding=\"r:20;\"\n\t\t\t\t\t\t\t\tdata-frame_0=\"tp:600;\"\n\t\t\t\t\t\t\t\tdata-frame_1=\"tp:600;st:0;\"\n\t\t\t\t\t\t\t\tdata-frame_999=\"o:0;tp:600;st:w;sR:8700;\"\n\t\t\t\t\t\t\t\tstyle=\"z-index:6;background-color:rgba(219,67,96,1);font-family:'Open Sans';position:absolute;text-shadow:none;-webkit-border-radius:0px;-moz-border-radius:0px;\"\n\t\t\t\t\t\t\t><PRE> EL VALOR DE TUS DERECHOS \n\t\t\t\t\t\t\t<\/rs-layer><!--\n-->\t\t\t\t\t\t<\/rs-slide>\n\t\t\t\t\t<\/rs-slides>\n\t\t\t\t<\/rs-module>\n\t\t\t\t<script>\n\t\t\t\t\tsetREVStartSize({c: 'rev_slider_1_1',rl:[1240,1024,778,480],el:[600],gw:[1300],gh:[600],type:'standard',justify:'',layout:'fullwidth',mh:\"0\"});if (window.RS_MODULES!==undefined && window.RS_MODULES.modules!==undefined && window.RS_MODULES.modules[\"revslider11\"]!==undefined) {window.RS_MODULES.modules[\"revslider11\"].once = false;window.revapi1 = undefined;if (window.RS_MODULES.checkMinimal!==undefined) window.RS_MODULES.checkMinimal()}\n\t\t\t\t<\/script>\n\t\t\t<\/rs-module-wrap>\n\t\t\t<!-- END REVOLUTION SLIDER -->\n<\/div><div class=\"fusion-clearfix\"><\/div><\/div><\/div><\/div><\/div><div class=\"fusion-fullwidth fullwidth-box fusion-builder-row-2 hundred-percent-fullwidth non-hundred-percent-height-scrolling fusion-equal-height-columns\" style=\"--awb-border-radius-top-left:0px;--awb-border-radius-top-right:0px;--awb-border-radius-bottom-right:0px;--awb-border-radius-bottom-left:0px;--awb-padding-top:40px;--awb-padding-bottom:30px;--awb-background-color:#e7e6e6;--awb-flex-wrap:wrap;\" ><div class=\"fusion-builder-row fusion-row\"><div class=\"fusion-layout-column fusion_builder_column fusion-builder-column-1 fusion_builder_column_1_1 1_1 fusion-one-full fusion-column-first fusion-column-last fusion-column-no-min-height\" style=\"--awb-padding-top:20px;--awb-padding-right:1px;--awb-padding-bottom:20px;--awb-padding-left:1px;--awb-bg-color:#e7e6e6;--awb-bg-color-hover:#e7e6e6;--awb-bg-size:cover;\"><div class=\"fusion-column-wrapper fusion-flex-column-wrapper-legacy\"><div class=\"fusion-text fusion-text-1\"><h4 class=\"widget-title\" style=\"text-align: center;\" data-fontsize=\"23\" data-lineheight=\"34\">TIBIUS ABOGADOS, DERECHO CIVIL Y PENAL<\/h4>\n<p style=\"text-align: center;\">Ofrecemos a nuestros clientes un servicio completo, integral y personalizado basado en una relaci\u00f3n personal y directa, asumiendo sus planteamientos y objetivos como propios.<\/p>\n<\/div><div class=\"fusion-text fusion-text-2\"><p style=\"text-align: center;\">Tel 689 068 538<\/p>\n<\/div><div class=\"fusion-clearfix\"><\/div><\/div><\/div><div class=\"fusion-layout-column fusion_builder_column fusion-builder-column-2 fusion_builder_column_1_6 1_6 fusion-one-sixth fusion-column-first fusion-column-inner-bg-wrapper\" style=\"--awb-padding-right:30px;--awb-padding-left:30px;--awb-inner-bg-color:rgba(0,0,0,0.4);--awb-inner-bg-color-hover:rgba(0,0,0,0.4);--awb-inner-bg-image:url(&#039;http:\/\/www.avocatirun.eu\/wp-content\/uploads\/2018\/06\/grandparent-reading-with-granddaughter-PYSVV74.jpg&#039;);--awb-inner-bg-blend:overlay;--awb-inner-bg-size:cover;\"><span class=\"fusion-column-inner-bg hover-type-zoomin\"><a class=\"fusion-column-anchor\" href=\"http:\/\/www.avocatirun.eu\/familia-y-matrimonial\/\"><span class=\"fusion-column-inner-bg-image\"><\/span><\/a><\/span><div class=\"fusion-column-wrapper fusion-flex-column-wrapper-legacy fusion-column-has-bg-image\" data-bg-url=\"http:\/\/www.avocatirun.eu\/wp-content\/uploads\/2018\/06\/grandparent-reading-with-granddaughter-PYSVV74.jpg\"><div class=\"fusion-column-content-centered\"><div class=\"fusion-column-content\"><div class=\"fusion-text fusion-text-3 opbabox\"><h3 style=\"text-align: center;\">FAMILIA<\/h3>\n<p style=\"text-align: center;\">Divorcios, convenio regulador, pensiones compensatorias de alimentos, pactos matrimoniales, incapacitaci\u00f3n, paternidad y filiaci\u00f3n<\/p>\n<\/div><\/div><\/div><div class=\"fusion-clearfix\"><\/div><\/div><\/div><div class=\"fusion-layout-column fusion_builder_column fusion-builder-column-3 fusion_builder_column_1_6 1_6 fusion-one-sixth menu_front_page fusion-column-inner-bg-wrapper\" style=\"--awb-padding-top:20px;--awb-padding-right:30px;--awb-padding-bottom:20px;--awb-padding-left:30px;--awb-inner-bg-color:rgba(0,0,0,0.4);--awb-inner-bg-color-hover:rgba(0,0,0,0.4);--awb-inner-bg-image:url(&#039;http:\/\/www.avocatirun.eu\/wp-content\/uploads\/2018\/06\/olive-trees-at-sunset-P9PNMYC.jpg&#039;);--awb-inner-bg-blend:overlay;--awb-inner-bg-size:cover;\"><span class=\"fusion-column-inner-bg hover-type-zoomin\"><a class=\"fusion-column-anchor\" href=\"http:\/\/www.avocatirun.eu\/sucesiones\/\"><span class=\"fusion-column-inner-bg-image\"><\/span><\/a><\/span><div class=\"fusion-column-wrapper fusion-flex-column-wrapper-legacy fusion-column-has-bg-image\" data-bg-url=\"http:\/\/www.avocatirun.eu\/wp-content\/uploads\/2018\/06\/olive-trees-at-sunset-P9PNMYC.jpg\"><div class=\"fusion-column-content-centered\"><div class=\"fusion-column-content\"><div class=\"fusion-text fusion-text-4 opbabox\"><h3 style=\"text-align: center;\">SUCESIONES<\/h3>\n<p style=\"text-align: center;\">Sucesi\u00f3n con o sin testamento, herencia, leg\u00edtimas, partici\u00f3n, legados, donaciones, resoluci\u00f3n de conflictos, tramitaciones e impuestos.<\/p>\n<\/div><\/div><\/div><div class=\"fusion-clearfix\"><\/div><\/div><\/div><div class=\"fusion-layout-column fusion_builder_column fusion-builder-column-4 fusion_builder_column_1_6 1_6 fusion-one-sixth fusion-column-inner-bg-wrapper\" style=\"--awb-padding-right:30px;--awb-padding-left:30px;--awb-inner-bg-color:rgba(0,0,0,0.4);--awb-inner-bg-color-hover:rgba(0,0,0,0.4);--awb-inner-bg-image:url(&#039;http:\/\/www.avocatirun.eu\/wp-content\/uploads\/2018\/06\/businessman-supporting-paper-cut-out-of-a-man-P5J27KZ.jpg&#039;);--awb-inner-bg-blend:overlay;--awb-inner-bg-size:cover;\"><span class=\"fusion-column-inner-bg hover-type-zoomin\"><a class=\"fusion-column-anchor\" href=\"http:\/\/www.avocatirun.eu\/civil\/\"><span class=\"fusion-column-inner-bg-image\"><\/span><\/a><\/span><div class=\"fusion-column-wrapper fusion-flex-column-wrapper-legacy fusion-column-has-bg-image\" data-bg-url=\"http:\/\/www.avocatirun.eu\/wp-content\/uploads\/2018\/06\/businessman-supporting-paper-cut-out-of-a-man-P5J27KZ.jpg\"><div class=\"fusion-column-content-centered\"><div class=\"fusion-column-content\"><div class=\"fusion-text fusion-text-5 opbabox\"><h3 style=\"text-align: center;\">CIVIL<\/h3>\n<p class=\"p1\">Derechos de: obligaciones y contratos, derecho de familia, derecho de la persona, derechos reales y derecho hipotecario, propiedad.<\/p>\n<\/div><\/div><\/div><div class=\"fusion-clearfix\"><\/div><\/div><\/div><div class=\"fusion-layout-column fusion_builder_column fusion-builder-column-5 fusion_builder_column_1_6 1_6 fusion-one-sixth menu_front_page fusion-column-inner-bg-wrapper\" style=\"--awb-padding-top:20px;--awb-padding-right:30px;--awb-padding-bottom:20px;--awb-padding-left:30px;--awb-inner-bg-color:rgba(0,0,0,0.4);--awb-inner-bg-color-hover:rgba(0,0,0,0.4);--awb-inner-bg-image:url(&#039;http:\/\/www.avocatirun.eu\/wp-content\/uploads\/2018\/06\/businessman-or-attorney-with-magnifying-glass-PUWA5RM.jpg&#039;);--awb-inner-bg-blend:overlay;--awb-inner-bg-size:cover;\"><span class=\"fusion-column-inner-bg hover-type-zoomin\"><a class=\"fusion-column-anchor\" href=\"http:\/\/www.avocatirun.eu\/penal\/\"><span class=\"fusion-column-inner-bg-image\"><\/span><\/a><\/span><div class=\"fusion-column-wrapper fusion-flex-column-wrapper-legacy fusion-column-has-bg-image\" data-bg-url=\"http:\/\/www.avocatirun.eu\/wp-content\/uploads\/2018\/06\/businessman-or-attorney-with-magnifying-glass-PUWA5RM.jpg\"><div class=\"fusion-column-content-centered\"><div class=\"fusion-column-content\"><div class=\"fusion-text fusion-text-6 opbabox\"><h3 style=\"text-align: center;\">PENAL<\/h3>\n<p style=\"text-align: center;\">Delitos contra las personas, el patrimonio, la salud p\u00fablica, la libertad,\u00a0 el orden socioecon\u00f3mico, la hacienda p\u00fablica.<\/p>\n<\/div><\/div><\/div><div class=\"fusion-clearfix\"><\/div><\/div><\/div><div class=\"fusion-layout-column fusion_builder_column fusion-builder-column-6 fusion_builder_column_1_6 1_6 fusion-one-sixth menu_front_page fusion-column-inner-bg-wrapper\" style=\"--awb-padding-top:20px;--awb-padding-right:30px;--awb-padding-bottom:20px;--awb-padding-left:30px;--awb-inner-bg-color:rgba(0,0,0,0.4);--awb-inner-bg-color-hover:rgba(0,0,0,0.4);--awb-inner-bg-image:url(&#039;http:\/\/www.avocatirun.eu\/wp-content\/uploads\/2018\/06\/pisos.jpg&#039;);--awb-inner-bg-blend:overlay;--awb-inner-bg-size:cover;\"><span class=\"fusion-column-inner-bg hover-type-zoomin\"><a class=\"fusion-column-anchor\" href=\"http:\/\/www.avocatirun.eu\/hipotecario\/\"><span class=\"fusion-column-inner-bg-image\"><\/span><\/a><\/span><div class=\"fusion-column-wrapper fusion-flex-column-wrapper-legacy fusion-column-has-bg-image\" data-bg-url=\"http:\/\/www.avocatirun.eu\/wp-content\/uploads\/2018\/06\/pisos.jpg\"><div class=\"fusion-column-content-centered\"><div class=\"fusion-column-content\"><div class=\"fusion-text fusion-text-7 opbabox\"><h3 style=\"text-align: center;\">INMOBILIARIO<\/h3>\n<p style=\"text-align: center;\">Adquisici\u00f3n de bienes, ventas, hipotecas, arrendamientos, impuestos,\u00a0 reclamaciones .<\/p>\n<\/div><\/div><\/div><div class=\"fusion-clearfix\"><\/div><\/div><\/div><div class=\"fusion-layout-column fusion_builder_column fusion-builder-column-7 fusion_builder_column_1_6 1_6 fusion-one-sixth fusion-column-last fusion-column-inner-bg-wrapper\" style=\"--awb-padding-right:30px;--awb-padding-left:30px;--awb-inner-bg-color:rgba(0,0,0,0.4);--awb-inner-bg-color-hover:rgba(0,0,0,0.4);--awb-inner-bg-image:url(&#039;http:\/\/www.avocatirun.eu\/wp-content\/uploads\/2018\/06\/grandparent-reading-with-granddaughter-PYSVV74.jpg&#039;);--awb-inner-bg-blend:overlay;--awb-inner-bg-size:cover;\"><span class=\"fusion-column-inner-bg hover-type-zoomin\"><span class=\"fusion-column-anchor\"><span class=\"fusion-column-inner-bg-image\"><\/span><\/span><\/span><div class=\"fusion-column-wrapper fusion-flex-column-wrapper-legacy fusion-column-has-bg-image\" data-bg-url=\"http:\/\/www.avocatirun.eu\/wp-content\/uploads\/2018\/06\/grandparent-reading-with-granddaughter-PYSVV74.jpg\"><div class=\"fusion-column-content-centered\"><div class=\"fusion-column-content\"><div class=\"fusion-text fusion-text-8 opbabox\"><h3 style=\"text-align: center;\">MERCANTIL<\/h3>\n<p style=\"text-align: center;\">Contratos de compraventa, de colaboraci\u00f3n, de obra, cobro de impagados, resoluci\u00f3n de conflictos, pleitos ante el juzgado de lo mercantil.<\/p>\n<\/div><\/div><\/div><div class=\"fusion-clearfix\"><\/div><\/div><\/div><div class=\"fusion-layout-column fusion_builder_column fusion-builder-column-8 fusion_builder_column_1_1 1_1 fusion-one-full fusion-column-first fusion-column-last fusion-column-no-min-height\" style=\"--awb-padding-top:1px;--awb-padding-right:1px;--awb-padding-bottom:1px;--awb-padding-left:1px;--awb-bg-color:#e7e6e6;--awb-bg-color-hover:#e7e6e6;--awb-bg-size:cover;\"><div class=\"fusion-column-wrapper fusion-flex-column-wrapper-legacy\"><div class=\"fusion-clearfix\"><\/div><\/div><\/div><\/div><\/div><\/p>\n","protected":false},"excerpt":{"rendered":"","protected":false},"author":3,"featured_media":0,"parent":0,"menu_order":0,"comment_status":"closed","ping_status":"closed","template":"","meta":{"footnotes":""},"class_list":["post-1966","page","type-page","status-publish","hentry"],"yoast_head":"<!-- This site is optimized with the Yoast SEO plugin v27.6 - https:\/\/yoast.com\/product\/yoast-seo-wordpress\/ -->\n<title>Tibi Us, Abogado en Ir\u00fan. Fiscal, laboral internacional<\/title>\n<meta name=\"description\" content=\"Gilberto Ruiz. Abogado Franco Espa\u00f1ol Ir\u00fan, Experto en derecho civil, inmobiliario.\" \/>\n<meta name=\"robots\" content=\"index, follow, max-snippet:-1, max-image-preview:large, max-video-preview:-1\" \/>\n<link rel=\"canonical\" href=\"https:\/\/www.avocatirun.eu\/\" \/>\n<meta property=\"og:locale\" content=\"es_ES\" \/>\n<meta property=\"og:type\" content=\"article\" \/>\n<meta property=\"og:title\" content=\"Tibi Us, Abogado en Ir\u00fan. Fiscal, laboral internacional\" \/>\n<meta property=\"og:description\" content=\"Gilberto Ruiz. Abogado Franco Espa\u00f1ol Ir\u00fan, Experto en derecho civil, inmobiliario.\" \/>\n<meta property=\"og:url\" content=\"https:\/\/www.avocatirun.eu\/\" \/>\n<meta property=\"og:site_name\" content=\"Tibi Us, Abogados Ir\u00fan\" \/>\n<meta property=\"article:publisher\" content=\"https:\/\/www.facebook.com\/ficotec\/\" \/>\n<meta property=\"article:modified_time\" content=\"2020-06-05T05:25:12+00:00\" \/>\n<meta name=\"twitter:card\" content=\"summary_large_image\" \/>\n<meta name=\"twitter:label1\" content=\"Tiempo de lectura\" \/>\n\t<meta name=\"twitter:data1\" content=\"6 minutos\" \/>\n<script type=\"application\/ld+json\" class=\"yoast-schema-graph\">{\"@context\":\"https:\\\/\\\/schema.org\",\"@graph\":[{\"@type\":\"WebPage\",\"@id\":\"https:\\\/\\\/www.avocatirun.eu\\\/\",\"url\":\"https:\\\/\\\/www.avocatirun.eu\\\/\",\"name\":\"Tibi Us, Abogado en Ir\u00fan. Fiscal, laboral internacional\",\"isPartOf\":{\"@id\":\"https:\\\/\\\/www.avocatirun.eu\\\/#website\"},\"datePublished\":\"2016-09-05T11:11:11+00:00\",\"dateModified\":\"2020-06-05T05:25:12+00:00\",\"description\":\"Gilberto Ruiz. Abogado Franco Espa\u00f1ol Ir\u00fan, Experto en derecho civil, inmobiliario.\",\"breadcrumb\":{\"@id\":\"https:\\\/\\\/www.avocatirun.eu\\\/#breadcrumb\"},\"inLanguage\":\"es\",\"potentialAction\":[{\"@type\":\"ReadAction\",\"target\":[\"https:\\\/\\\/www.avocatirun.eu\\\/\"]}]},{\"@type\":\"BreadcrumbList\",\"@id\":\"https:\\\/\\\/www.avocatirun.eu\\\/#breadcrumb\",\"itemListElement\":[{\"@type\":\"ListItem\",\"position\":1,\"name\":\"Home\",\"item\":\"https:\\\/\\\/www.avocatirun.eu\\\/\"},{\"@type\":\"ListItem\",\"position\":2,\"name\":\"Home\"}]},{\"@type\":\"WebSite\",\"@id\":\"https:\\\/\\\/www.avocatirun.eu\\\/#website\",\"url\":\"https:\\\/\\\/www.avocatirun.eu\\\/\",\"name\":\"Tibi Us, Abogados Ir\u00fan\",\"description\":\"Tibi Us, Abogados Ir\u00fan\",\"potentialAction\":[{\"@type\":\"SearchAction\",\"target\":{\"@type\":\"EntryPoint\",\"urlTemplate\":\"https:\\\/\\\/www.avocatirun.eu\\\/?s={search_term_string}\"},\"query-input\":{\"@type\":\"PropertyValueSpecification\",\"valueRequired\":true,\"valueName\":\"search_term_string\"}}],\"inLanguage\":\"es\"}]}<\/script>\n<!-- \/ Yoast SEO plugin. -->","yoast_head_json":{"title":"Tibi Us, Abogado en Ir\u00fan. Fiscal, laboral internacional","description":"Gilberto Ruiz. Abogado Franco Espa\u00f1ol Ir\u00fan, Experto en derecho civil, inmobiliario.","robots":{"index":"index","follow":"follow","max-snippet":"max-snippet:-1","max-image-preview":"max-image-preview:large","max-video-preview":"max-video-preview:-1"},"canonical":"https:\/\/www.avocatirun.eu\/","og_locale":"es_ES","og_type":"article","og_title":"Tibi Us, Abogado en Ir\u00fan. Fiscal, laboral internacional","og_description":"Gilberto Ruiz. Abogado Franco Espa\u00f1ol Ir\u00fan, Experto en derecho civil, inmobiliario.","og_url":"https:\/\/www.avocatirun.eu\/","og_site_name":"Tibi Us, Abogados Ir\u00fan","article_publisher":"https:\/\/www.facebook.com\/ficotec\/","article_modified_time":"2020-06-05T05:25:12+00:00","twitter_card":"summary_large_image","twitter_misc":{"Tiempo de lectura":"6 minutos"},"schema":{"@context":"https:\/\/schema.org","@graph":[{"@type":"WebPage","@id":"https:\/\/www.avocatirun.eu\/","url":"https:\/\/www.avocatirun.eu\/","name":"Tibi Us, Abogado en Ir\u00fan. Fiscal, laboral internacional","isPartOf":{"@id":"https:\/\/www.avocatirun.eu\/#website"},"datePublished":"2016-09-05T11:11:11+00:00","dateModified":"2020-06-05T05:25:12+00:00","description":"Gilberto Ruiz. Abogado Franco Espa\u00f1ol Ir\u00fan, Experto en derecho civil, inmobiliario.","breadcrumb":{"@id":"https:\/\/www.avocatirun.eu\/#breadcrumb"},"inLanguage":"es","potentialAction":[{"@type":"ReadAction","target":["https:\/\/www.avocatirun.eu\/"]}]},{"@type":"BreadcrumbList","@id":"https:\/\/www.avocatirun.eu\/#breadcrumb","itemListElement":[{"@type":"ListItem","position":1,"name":"Home","item":"https:\/\/www.avocatirun.eu\/"},{"@type":"ListItem","position":2,"name":"Home"}]},{"@type":"WebSite","@id":"https:\/\/www.avocatirun.eu\/#website","url":"https:\/\/www.avocatirun.eu\/","name":"Tibi Us, Abogados Ir\u00fan","description":"Tibi Us, Abogados Ir\u00fan","potentialAction":[{"@type":"SearchAction","target":{"@type":"EntryPoint","urlTemplate":"https:\/\/www.avocatirun.eu\/?s={search_term_string}"},"query-input":{"@type":"PropertyValueSpecification","valueRequired":true,"valueName":"search_term_string"}}],"inLanguage":"es"}]}},"_links":{"self":[{"href":"https:\/\/www.avocatirun.eu\/es\/wp-json\/wp\/v2\/pages\/1966","targetHints":{"allow":["GET"]}}],"collection":[{"href":"https:\/\/www.avocatirun.eu\/es\/wp-json\/wp\/v2\/pages"}],"about":[{"href":"https:\/\/www.avocatirun.eu\/es\/wp-json\/wp\/v2\/types\/page"}],"author":[{"embeddable":true,"href":"https:\/\/www.avocatirun.eu\/es\/wp-json\/wp\/v2\/users\/3"}],"replies":[{"embeddable":true,"href":"https:\/\/www.avocatirun.eu\/es\/wp-json\/wp\/v2\/comments?post=1966"}],"version-history":[{"count":0,"href":"https:\/\/www.avocatirun.eu\/es\/wp-json\/wp\/v2\/pages\/1966\/revisions"}],"wp:attachment":[{"href":"https:\/\/www.avocatirun.eu\/es\/wp-json\/wp\/v2\/media?parent=1966"}],"curies":[{"name":"wp","href":"https:\/\/api.w.org\/{rel}","templated":true}]}}